{"id":1858,"date":"2022-09-16T09:49:37","date_gmt":"2022-09-16T07:49:37","guid":{"rendered":"https:\/\/aubergeleprieure.fr\/?post_type=product&#038;p=1858"},"modified":"2026-01-24T11:43:29","modified_gmt":"2026-01-24T10:43:29","slug":"menu-du-marche-avec-le-verre-de-vin-et-le-cafe","status":"publish","type":"product","link":"https:\/\/aubergeleprieure.fr\/en\/product\/menu-du-marche-avec-le-verre-de-vin-et-le-cafe\/","title":{"rendered":"Menu du march\u00e9 with glass of wine and coffee"},"content":{"rendered":"","protected":false},"excerpt":{"rendered":"<p>Menu du march\u00e9 avec le verre de vin et le caf\u00e9.<br \/>\nLe bon cadeau sera envoy\u00e9 par mail d\u00e8s validation de la commande.<\/p>\n<p>Uniquement le midi sauf dimanches et jours f\u00e9ri\u00e9s.<\/p>","protected":false},"featured_media":2038,"comment_status":"open","ping_status":"closed","template":"","meta":{"_et_pb_use_builder":"","_et_pb_old_content":"","_et_gb_content_width":""},"product_brand":[],"product_cat":[45],"product_tag":[],"class_list":{"0":"post-1858","1":"product","2":"type-product","3":"status-publish","4":"has-post-thumbnail","6":"product_cat-bons-cadeaux","8":"first","9":"instock","10":"downloadable","11":"virtual","12":"taxable","13":"purchasable","14":"product-type-simple"},"_links":{"self":[{"href":"https:\/\/aubergeleprieure.fr\/en\/wp-json\/wp\/v2\/product\/1858","targetHints":{"allow":["GET"]}}],"collection":[{"href":"https:\/\/aubergeleprieure.fr\/en\/wp-json\/wp\/v2\/product"}],"about":[{"href":"https:\/\/aubergeleprieure.fr\/en\/wp-json\/wp\/v2\/types\/product"}],"replies":[{"embeddable":true,"href":"https:\/\/aubergeleprieure.fr\/en\/wp-json\/wp\/v2\/comments?post=1858"}],"wp:featuredmedia":[{"embeddable":true,"href":"https:\/\/aubergeleprieure.fr\/en\/wp-json\/wp\/v2\/media\/2038"}],"wp:attachment":[{"href":"https:\/\/aubergeleprieure.fr\/en\/wp-json\/wp\/v2\/media?parent=1858"}],"wp:term":[{"taxonomy":"product_brand","embeddable":true,"href":"https:\/\/aubergeleprieure.fr\/en\/wp-json\/wp\/v2\/product_brand?post=1858"},{"taxonomy":"product_cat","embeddable":true,"href":"https:\/\/aubergeleprieure.fr\/en\/wp-json\/wp\/v2\/product_cat?post=1858"},{"taxonomy":"product_tag","embeddable":true,"href":"https:\/\/aubergeleprieure.fr\/en\/wp-json\/wp\/v2\/product_tag?post=1858"}],"curies":[{"name":"wp","href":"https:\/\/api.w.org\/{rel}","templated":true}]}}