{"id":2713,"date":"2023-04-05T11:09:27","date_gmt":"2023-04-05T09:09:27","guid":{"rendered":"https:\/\/aubergeleprieure.fr\/?page_id=2713"},"modified":"2023-04-05T11:22:34","modified_gmt":"2023-04-05T09:22:34","slug":"politique-de-confidentialite","status":"publish","type":"page","link":"https:\/\/aubergeleprieure.fr\/en\/politique-de-confidentialite\/","title":{"rendered":"Politique de confidentialit\u00e9"},"content":{"rendered":"<p>[et_pb_section fb_built=\u00a0\u00bb1&Prime; _builder_version=\u00a0\u00bb4.20.4&Prime; _module_preset=\u00a0\u00bbdefault\u00a0\u00bb global_colors_info=\u00a0\u00bb{}\u00a0\u00bb][et_pb_row _builder_version=\u00a0\u00bb4.20.4&Prime; _module_preset=\u00a0\u00bbdefault\u00a0\u00bb global_colors_info=\u00a0\u00bb{}\u00a0\u00bb][et_pb_column type=\u00a0\u00bb4_4&Prime; _builder_version=\u00a0\u00bb4.20.4&Prime; _module_preset=\u00a0\u00bbdefault\u00a0\u00bb global_colors_info=\u00a0\u00bb{}\u00a0\u00bb][et_pb_text _builder_version=\u00a0\u00bb4.20.4&Prime; _module_preset=\u00a0\u00bbdefault\u00a0\u00bb custom_margin=\u00a0\u00bb0px||||false|false\u00a0\u00bb hover_enabled=\u00a0\u00bb0&Prime; global_colors_info=\u00a0\u00bb{}\u00a0\u00bb sticky_enabled=\u00a0\u00bb0&Prime;]<\/p>\n<div class=\"p-rich_text_section\">\n<p><b data-stringify-type=\"bold\">Politique de confidentialit\u00e9<\/b><br \/>Le site web aubergeleprieure est d\u00e9tenu par AUBERGE LE PRIEURE.<br \/>Nous avons adopt\u00e9 cette politique de confidentialit\u00e9, qui d\u00e9termine la mani\u00e8re dont nous traitons les informations collect\u00e9es par aubergeleprieure, qui fournit \u00e9galement les raisons pour lesquelles nous devons collecter certaines donn\u00e9es personnelles vous concernant. Par cons\u00e9quent, vous devez lire cette politique de confidentialit\u00e9 avant d\u2019utiliser le site web de aubergeleprieure.<br \/>Nous prenons soin de vos donn\u00e9es personnelles et nous nous engageons \u00e0 en garantir la confidentialit\u00e9 et la s\u00e9curit\u00e9.<\/p>\n<p><b data-stringify-type=\"bold\">Les informations personnelles que nous collectons :<\/b><\/p>\n<\/div>\n<div class=\"p-rich_text_section\">\n<p>Lorsque vous visitez le site aubergeleprieure, nous recueillons automatiquement certaines informations sur votre appareil, notamment des informations sur votre navigateur web, votre adresse IP, votre fuseau horaire et certains des cookies install\u00e9s sur votre appareil. En outre, lorsque vous naviguez sur le site, nous recueillons des informations sur les pages web ou les produits individuels que vous consultez, sur les sites web ou les termes de recherche qui vous ont renvoy\u00e9 au site et sur la mani\u00e8re dont vous interagissez avec le site. Nous d\u00e9signons ces informations collect\u00e9es automatiquement par le terme \u201cinformations sur les appareils\u201d. En outre, nous pourrions collecter les donn\u00e9es personnelles que vous nous fournissez (y compris, mais sans s\u2019y limiter, le nom, le pr\u00e9nom, l\u2019adresse mail, etc.) lors de l\u2019inscription afin de pouvoir ex\u00e9cuter le contrat.<\/p>\n<p><b data-stringify-type=\"bold\">Pourquoi traitons-nous vos donn\u00e9es ?<\/b><\/p>\n<\/div>\n<div class=\"p-rich_text_section\">\n<p>Notre priorit\u00e9 absolue est la s\u00e9curit\u00e9 des donn\u00e9es des clients et, \u00e0 ce titre, nous ne pouvons traiter que des donn\u00e9es minimales sur les utilisateurs, uniquement dans la mesure o\u00f9 cela est absolument n\u00e9cessaire pour maintenir le site web. Les informations collect\u00e9es automatiquement sont utilis\u00e9es uniquement pour identifier les cas potentiels d\u2019abus et \u00e9tablir des informations statistiques concernant l\u2019utilisation du site web. Ces informations statistiques ne sont pas autrement agr\u00e9g\u00e9es de mani\u00e8re \u00e0 identifier un utilisateur particulier du syst\u00e8me.<br \/>Vous pouvez visiter le site web sans nous dire qui vous \u00eates ni r\u00e9v\u00e9ler d\u2019informations, par lesquelles quelqu\u2019un pourrait vous identifier comme un individu sp\u00e9cifique et identifiable. Toutefois, si vous souhaitez utiliser certaines fonctionnalit\u00e9s du site web, ou si vous souhaitez recevoir notre lettre d\u2019information ou fournir d\u2019autres d\u00e9tails en remplissant un formulaire, vous pouvez nous fournir des donn\u00e9es personnelles, telles que votre e-mail, votre pr\u00e9nom, votre nom, votre ville de r\u00e9sidence, votre organisation, votre num\u00e9ro de t\u00e9l\u00e9phone. Vous pouvez choisir de ne pas nous fournir vos donn\u00e9es personnelles, mais il se peut alors que vous ne puissiez pas profiter de certaines fonctionnalit\u00e9s du site web. Par exemple, vous ne pourrez pas recevoir notre bulletin d\u2019information ou nous contacter directement \u00e0 partir du site web. Les utilisateurs qui ne savent pas quelles informations sont obligatoires sont invit\u00e9s \u00e0 nous contacter via<span> <a href=\"mailto:contact@aubergeleprieure.fr\">contact@aubergeleprieure.fr<\/a>.<\/span><\/p>\n<p><b data-stringify-type=\"bold\">Vos droits :<\/b><\/p>\n<\/div>\n<div class=\"p-rich_text_section\">Si vous \u00eates un r\u00e9sident europ\u00e9en, vous disposez des droits suivants li\u00e9s \u00e0 vos donn\u00e9es personnelles :<\/div>\n<ul data-stringify-type=\"unordered-list\" class=\"p-rich_text_list p-rich_text_list__bullet\" data-indent=\"0\" data-border=\"0\">\n<li data-stringify-indent=\"0\" data-stringify-border=\"0\">Le droit d\u2019\u00eatre inform\u00e9.<\/li>\n<li data-stringify-indent=\"0\" data-stringify-border=\"0\">Le droit d\u2019acc\u00e8s.<\/li>\n<li data-stringify-indent=\"0\" data-stringify-border=\"0\">Le droit de rectification.<\/li>\n<li data-stringify-indent=\"0\" data-stringify-border=\"0\">Le droit \u00e0 l\u2019effacement.<\/li>\n<li data-stringify-indent=\"0\" data-stringify-border=\"0\">Le droit de restreindre le traitement.<\/li>\n<li data-stringify-indent=\"0\" data-stringify-border=\"0\">Le droit \u00e0 la portabilit\u00e9 des donn\u00e9es.<\/li>\n<li data-stringify-indent=\"0\" data-stringify-border=\"0\">Le droit d\u2019opposition.<\/li>\n<li data-stringify-indent=\"0\" data-stringify-border=\"0\">Les droits relatifs \u00e0 la prise de d\u00e9cision automatis\u00e9e et au profilage.<\/li>\n<\/ul>\n<div class=\"p-rich_text_section\">\n<p>Si vous souhaitez exercer ce droit, veuillez nous contacter via les coordonn\u00e9es ci-dessous.<\/p>\n<p><b data-stringify-type=\"bold\">Liens vers d\u2019autres sites web :<\/b><\/p>\n<\/div>\n<div class=\"p-rich_text_section\">\n<p>Notre site web peut contenir des liens vers d\u2019autres sites web qui ne sont pas d\u00e9tenus ou contr\u00f4l\u00e9s par nous. Sachez que nous ne sommes pas responsables de ces autres sites web ou des pratiques de confidentialit\u00e9 des tiers. Nous vous encourageons \u00e0 \u00eatre attentif lorsque vous quittez notre site web et \u00e0 lire les d\u00e9clarations de confidentialit\u00e9 de chaque site web susceptible de collecter des informations personnelles.<\/p>\n<\/div>\n<div class=\"p-rich_text_section\">\n<p><b data-stringify-type=\"bold\"><br \/>Divulgation l\u00e9gale :<\/b><\/p>\n<\/div>\n<div class=\"p-rich_text_section\">\n<p>Nous divulguerons toute information que nous collectons, utilisons ou recevons si la loi l\u2019exige ou l\u2019autorise, par exemple pour nous conformer \u00e0 une citation \u00e0 compara\u00eetre ou \u00e0 une proc\u00e9dure judiciaire similaire, et lorsque nous pensons de bonne foi que la divulgation est n\u00e9cessaire pour prot\u00e9ger nos droits, votre s\u00e9curit\u00e9 ou celle d\u2019autrui, enqu\u00eater sur une fraude ou r\u00e9pondre \u00e0 une demande du gouvernement.<\/p>\n<p><b data-stringify-type=\"bold\">Informations de contact :<\/b><\/p>\n<\/div>\n<div class=\"p-rich_text_section\">Si vous souhaitez nous contacter pour comprendre davantage la pr\u00e9sente politique ou si vous souhaitez nous contacter concernant toute question relative aux droits individuels et \u00e0 vos informations personnelles, vous pouvez envoyer un courriel \u00e0<span> <a href=\"mailto:contact@aubergeleprieure.fr\">contact@aubergeleprieure.fr<\/a>.<\/span><\/div>\n<p>[\/et_pb_text][\/et_pb_column][\/et_pb_row][\/et_pb_section]<\/p>\n","protected":false},"excerpt":{"rendered":"<p>Politique de confidentialit\u00e9Le site web aubergeleprieure est d\u00e9tenu par AUBERGE LE PRIEURE.Nous avons adopt\u00e9 cette politique de confidentialit\u00e9, qui d\u00e9termine la mani\u00e8re dont nous traitons les informations collect\u00e9es par aubergeleprieure, qui fournit \u00e9galement les raisons pour lesquelles nous devons collecter certaines donn\u00e9es personnelles vous concernant. Par cons\u00e9quent, vous devez lire cette politique de confidentialit\u00e9 avant [&hellip;]<\/p>\n","protected":false},"author":3,"featured_media":0,"parent":0,"menu_order":0,"comment_status":"closed","ping_status":"closed","template":"","meta":{"_et_pb_use_builder":"on","_et_pb_old_content":"","_et_gb_content_width":"","footnotes":""},"class_list":["post-2713","page","type-page","status-publish","hentry"],"_links":{"self":[{"href":"https:\/\/aubergeleprieure.fr\/en\/wp-json\/wp\/v2\/pages\/2713","targetHints":{"allow":["GET"]}}],"collection":[{"href":"https:\/\/aubergeleprieure.fr\/en\/wp-json\/wp\/v2\/pages"}],"about":[{"href":"https:\/\/aubergeleprieure.fr\/en\/wp-json\/wp\/v2\/types\/page"}],"author":[{"embeddable":true,"href":"https:\/\/aubergeleprieure.fr\/en\/wp-json\/wp\/v2\/users\/3"}],"replies":[{"embeddable":true,"href":"https:\/\/aubergeleprieure.fr\/en\/wp-json\/wp\/v2\/comments?post=2713"}],"version-history":[{"count":6,"href":"https:\/\/aubergeleprieure.fr\/en\/wp-json\/wp\/v2\/pages\/2713\/revisions"}],"predecessor-version":[{"id":2719,"href":"https:\/\/aubergeleprieure.fr\/en\/wp-json\/wp\/v2\/pages\/2713\/revisions\/2719"}],"wp:attachment":[{"href":"https:\/\/aubergeleprieure.fr\/en\/wp-json\/wp\/v2\/media?parent=2713"}],"curies":[{"name":"wp","href":"https:\/\/api.w.org\/{rel}","templated":true}]}}